{"id":25008,"date":"2022-08-09T06:48:32","date_gmt":"2022-08-09T06:48:32","guid":{"rendered":"https:\/\/www.ivh9.si\/Ponudbe\/mackarna\/?page_id=25008"},"modified":"2023-05-29T19:38:20","modified_gmt":"2023-05-29T19:38:20","slug":"zenske","status":"publish","type":"page","link":"https:\/\/www.mainecoon-vintarchi.com\/en\/zenske\/","title":{"rendered":"Females"},"content":{"rendered":"<div data-elementor-type=\"wp-page\" data-elementor-id=\"25008\" class=\"elementor elementor-25008\" data-elementor-post-type=\"page\">\n\t\t\t\t\t\t<section class=\"elementor-section elementor-top-section elementor-element elementor-element-9788b28 elementor-section-height-min-height elementor-section-boxed elementor-section-height-default elementor-section-items-middle\" data-id=\"9788b28\" data-element_type=\"section\" data-settings=\"{&quot;jet_parallax_layout_list&quot;:[{&quot;jet_parallax_layout_image&quot;:{&quot;url&quot;:&quot;&quot;,&quot;id&quot;:&quot;&quot;,&quot;size&quot;:&quot;&quot;},&quot;_id&quot;:&quot;5a3e165&quot;,&quot;jet_parallax_layout_image_tablet&quot;:{&quot;url&quot;:&quot;&quot;,&quot;id&quot;:&quot;&quot;,&quot;size&quot;:&quot;&quot;},&quot;jet_parallax_layout_image_mobile&quot;:{&quot;url&quot;:&quot;&quot;,&quot;id&quot;:&quot;&quot;,&quot;size&quot;:&quot;&quot;},&quot;jet_parallax_layout_speed&quot;:{&quot;unit&quot;:&quot;%&quot;,&quot;size&quot;:50,&quot;sizes&quot;:[]},&quot;jet_parallax_layout_type&quot;:&quot;scroll&quot;,&quot;jet_parallax_layout_direction&quot;:&quot;1&quot;,&quot;jet_parallax_layout_fx_direction&quot;:null,&quot;jet_parallax_layout_z_index&quot;:&quot;&quot;,&quot;jet_parallax_layout_bg_x&quot;:50,&quot;jet_parallax_layout_bg_x_tablet&quot;:&quot;&quot;,&quot;jet_parallax_layout_bg_x_mobile&quot;:&quot;&quot;,&quot;jet_parallax_layout_bg_y&quot;:50,&quot;jet_parallax_layout_bg_y_tablet&quot;:&quot;&quot;,&quot;jet_parallax_layout_bg_y_mobile&quot;:&quot;&quot;,&quot;jet_parallax_layout_bg_size&quot;:&quot;auto&quot;,&quot;jet_parallax_layout_bg_size_tablet&quot;:&quot;&quot;,&quot;jet_parallax_layout_bg_size_mobile&quot;:&quot;&quot;,&quot;jet_parallax_layout_animation_prop&quot;:&quot;transform&quot;,&quot;jet_parallax_layout_on&quot;:[&quot;desktop&quot;,&quot;tablet&quot;]}],&quot;background_background&quot;:&quot;classic&quot;}\">\n\t\t\t\t\t\t\t<div class=\"elementor-background-overlay\"><\/div>\n\t\t\t\t\t\t\t<div class=\"elementor-container elementor-column-gap-default\">\n\t\t\t\t\t<div class=\"elementor-column elementor-col-100 elementor-top-column elementor-element elementor-element-c5f766d\" data-id=\"c5f766d\" data-element_type=\"column\">\n\t\t\t<div class=\"elementor-widget-wrap elementor-element-populated\">\n\t\t\t\t\t\t<div class=\"elementor-element elementor-element-32af7ec elementor-widget elementor-widget-heading\" data-id=\"32af7ec\" data-element_type=\"widget\" data-widget_type=\"heading.default\">\n\t\t\t\t<div class=\"elementor-widget-container\">\n\t\t\t\t\t<h2 class=\"elementor-heading-title elementor-size-default\">Females<\/h2>\t\t\t\t<\/div>\n\t\t\t\t<\/div>\n\t\t\t\t<div class=\"elementor-element elementor-element-7b0ea91 elementor-mobile-align-center elementor-icon-list--layout-traditional elementor-list-item-link-full_width elementor-widget elementor-widget-icon-list\" data-id=\"7b0ea91\" data-element_type=\"widget\" data-widget_type=\"icon-list.default\">\n\t\t\t\t<div class=\"elementor-widget-container\">\n\t\t\t\t\t\t\t<ul class=\"elementor-icon-list-items\">\n\t\t\t\t\t\t\t<li class=\"elementor-icon-list-item\">\n\t\t\t\t\t\t\t\t\t\t<span class=\"elementor-icon-list-text\">Introducing our cats<\/span>\n\t\t\t\t\t\t\t\t\t<\/li>\n\t\t\t\t\t\t<\/ul>\n\t\t\t\t\t\t<\/div>\n\t\t\t\t<\/div>\n\t\t\t\t\t<\/div>\n\t\t<\/div>\n\t\t\t\t\t<\/div>\n\t\t<\/section>\n\t\t\t\t<section class=\"elementor-section elementor-top-section elementor-element elementor-element-2994eac elementor-section-height-min-height elementor-section-boxed elementor-section-height-default elementor-section-items-middle\" data-id=\"2994eac\" data-element_type=\"section\" data-settings=\"{&quot;jet_parallax_layout_list&quot;:[{&quot;jet_parallax_layout_image&quot;:{&quot;url&quot;:&quot;&quot;,&quot;id&quot;:&quot;&quot;,&quot;size&quot;:&quot;&quot;},&quot;_id&quot;:&quot;fd45835&quot;,&quot;jet_parallax_layout_image_tablet&quot;:{&quot;url&quot;:&quot;&quot;,&quot;id&quot;:&quot;&quot;,&quot;size&quot;:&quot;&quot;},&quot;jet_parallax_layout_image_mobile&quot;:{&quot;url&quot;:&quot;&quot;,&quot;id&quot;:&quot;&quot;,&quot;size&quot;:&quot;&quot;},&quot;jet_parallax_layout_speed&quot;:{&quot;unit&quot;:&quot;%&quot;,&quot;size&quot;:50,&quot;sizes&quot;:[]},&quot;jet_parallax_layout_type&quot;:&quot;scroll&quot;,&quot;jet_parallax_layout_direction&quot;:&quot;1&quot;,&quot;jet_parallax_layout_fx_direction&quot;:null,&quot;jet_parallax_layout_z_index&quot;:&quot;&quot;,&quot;jet_parallax_layout_bg_x&quot;:50,&quot;jet_parallax_layout_bg_x_tablet&quot;:&quot;&quot;,&quot;jet_parallax_layout_bg_x_mobile&quot;:&quot;&quot;,&quot;jet_parallax_layout_bg_y&quot;:50,&quot;jet_parallax_layout_bg_y_tablet&quot;:&quot;&quot;,&quot;jet_parallax_layout_bg_y_mobile&quot;:&quot;&quot;,&quot;jet_parallax_layout_bg_size&quot;:&quot;auto&quot;,&quot;jet_parallax_layout_bg_size_tablet&quot;:&quot;&quot;,&quot;jet_parallax_layout_bg_size_mobile&quot;:&quot;&quot;,&quot;jet_parallax_layout_animation_prop&quot;:&quot;transform&quot;,&quot;jet_parallax_layout_on&quot;:[&quot;desktop&quot;,&quot;tablet&quot;]}]}\">\n\t\t\t\t\t\t<div class=\"elementor-container elementor-column-gap-default\">\n\t\t\t\t\t<div class=\"elementor-column elementor-col-100 elementor-top-column elementor-element elementor-element-15acd3c\" data-id=\"15acd3c\" data-element_type=\"column\">\n\t\t\t<div class=\"elementor-widget-wrap elementor-element-populated\">\n\t\t\t\t\t\t<div class=\"elementor-element elementor-element-0ad6722 elementor-widget elementor-widget-pp-team-member-carousel\" data-id=\"0ad6722\" data-element_type=\"widget\" data-widget_type=\"pp-team-member-carousel.default\">\n\t\t\t\t<div class=\"elementor-widget-container\">\n\t\t\t\t\t\t\t<div class=\"swiper-container-wrap swiper-container-wrap-dots-outside\">\n\t\t\t<div class=\"pp-tm-wrapper pp-tm-carousel pp-swiper-slider swiper\" id=\"swiper-container-0ad6722\" data-slider-settings=\"{&quot;direction&quot;:&quot;horizontal&quot;,&quot;effect&quot;:&quot;slide&quot;,&quot;speed&quot;:600,&quot;slides_per_view&quot;:3,&quot;space_between&quot;:10,&quot;auto_height&quot;:true,&quot;loop&quot;:&quot;yes&quot;,&quot;autoplay&quot;:&quot;yes&quot;,&quot;autoplay_speed&quot;:3000,&quot;pause_on_interaction&quot;:&quot;&quot;,&quot;pagination&quot;:&quot;bullets&quot;,&quot;show_arrows&quot;:true,&quot;slides_per_view_mobile&quot;:1,&quot;space_between_mobile&quot;:10,&quot;slides_per_view_tablet&quot;:2,&quot;space_between_tablet&quot;:10}\">\n\t\t\t\t<div class=\"swiper-wrapper\">\n\t\t\t\t\t\t\t\t\t\t\t<div class=\"swiper-slide\">\n\t\t\t\t\t\t\t<div class=\"pp-tm\">\n\t\t\t\t\t\t\t\t<div class=\"pp-tm-image\"> \n\t\t\t\t\t\t\t\t\t<img decoding=\"async\" src=\"https:\/\/www.mainecoon-vintarchi.com\/wp-content\/uploads\/2022\/09\/ALI-1-scaled.jpg\" alt=\"ALI-1\">\n\t\t\t\t\t\t\t\t\t\t\t\t\t\t\t\t\t<\/div>\n\t\t\t\t\t\t\t\t<div class=\"pp-tm-content pp-tm-content-normal\">\n\t\t\t\t\t\t\t\t\t\t\t<h4 class=\"pp-tm-name\">\n\t\t\tAMORI`S ALHAMBRA\t\t<\/h4>\n\n\t\t\t\t\t<div class=\"pp-tm-position\">\n\t\t\t\tDate of birth: 25\/08\/2021\t\t\t<\/div>\n\t\t\t\t\t\t\t\t<div class=\"pp-tm-description\">\n\t\t\t\tCOLOR: Black Tortoiseshell Silver \u2013 MCO FS 22\n<br>\nFATHER: AMULETCOON JANKOMIR\n <br>\nMOM: AMORI`S PUPICA\t\t\t<\/div>\n\t\t\t\t\t\t<div class=\"pp-tm-social-links-wrap\">\n\t\t\t<ul class=\"pp-tm-social-links\">\n\t\t\t\t\t\t\t\t\t\t<li>\n\t\t\t\t\t\t\t<a href=\"#\" target=\"_self\">\n\t\t\t\t\t\t\t\t<span class=\"pp-tm-social-icon-wrap\">\n\t\t\t\t\t\t\t\t\t<span class=\"pp-tm-social-icon pp-icon\"><i class=\"fab fa-facebook\" aria-hidden=\"true\"><\/i><\/span>\t\t\t\t\t\t\t\t<\/span>\n\t\t\t\t\t\t\t<\/a>\n\t\t\t\t\t\t<\/li>\n\t\t\t\t\t\t\t\t\t\t\t\t<li>\n\t\t\t\t\t\t\t<a href=\"#\" target=\"_self\">\n\t\t\t\t\t\t\t\t<span class=\"pp-tm-social-icon-wrap\">\n\t\t\t\t\t\t\t\t\t<span class=\"pp-tm-social-icon pp-icon\"><i class=\"fab fa-x-twitter\" aria-hidden=\"true\"><\/i><\/span>\t\t\t\t\t\t\t\t<\/span>\n\t\t\t\t\t\t\t<\/a>\n\t\t\t\t\t\t<\/li>\n\t\t\t\t\t\t\t\t\t\t\t\t<li>\n\t\t\t\t\t\t\t<a href=\"#\" target=\"_self\">\n\t\t\t\t\t\t\t\t<span class=\"pp-tm-social-icon-wrap\">\n\t\t\t\t\t\t\t\t\t<span class=\"pp-tm-social-icon pp-icon\"><i class=\"fab fa-instagram\" aria-hidden=\"true\"><\/i><\/span>\t\t\t\t\t\t\t\t<\/span>\n\t\t\t\t\t\t\t<\/a>\n\t\t\t\t\t\t<\/li>\n\t\t\t\t\t\t\t\t\t<\/ul>\n\t\t<\/div>\n\t\t\t\t\t\t\t\t\t\t<\/div>\n\t\t\t\t\t\t\t<\/div>\n\t\t\t\t\t\t<\/div>\n\t\t\t\t\t\t\t\t\t\t\t<div class=\"swiper-slide\">\n\t\t\t\t\t\t\t<div class=\"pp-tm\">\n\t\t\t\t\t\t\t\t<div class=\"pp-tm-image\"> \n\t\t\t\t\t\t\t\t\t<img decoding=\"async\" src=\"https:\/\/www.mainecoon-vintarchi.com\/wp-content\/uploads\/2022\/09\/mami-14-scaled.jpg\" alt=\"mami-14\">\n\t\t\t\t\t\t\t\t\t\t\t\t\t\t\t\t\t<\/div>\n\t\t\t\t\t\t\t\t<div class=\"pp-tm-content pp-tm-content-normal\">\n\t\t\t\t\t\t\t\t\t\t\t<h4 class=\"pp-tm-name\">\n\t\t\tGARMIONA GOLDENTOWNCOON\t\t<\/h4>\n\n\t\t\t\t\t<div class=\"pp-tm-position\">\n\t\t\t\tDate of birth: 26.01.2022\t\t\t<\/div>\n\t\t\t\t\t\t\t\t<div class=\"pp-tm-description\">\n\t\t\t\tCOLOR: BLACK SMOKE MCO NS\n<br>\nFATHER: GOLDENTOWNCOON MARS\n <br>\nMOTHER: HONEY CHOCE MARIKA\t\t\t<\/div>\n\t\t\t\t\t\t<div class=\"pp-tm-social-links-wrap\">\n\t\t\t<ul class=\"pp-tm-social-links\">\n\t\t\t\t\t\t\t\t\t\t<li>\n\t\t\t\t\t\t\t<a href=\"#\" target=\"_self\">\n\t\t\t\t\t\t\t\t<span class=\"pp-tm-social-icon-wrap pp-tm-social-icon-wrap\">\n\t\t\t\t\t\t\t\t\t<span class=\"pp-tm-social-icon pp-icon\"><i class=\"fab fa-facebook\" aria-hidden=\"true\"><\/i><\/span>\t\t\t\t\t\t\t\t<\/span>\n\t\t\t\t\t\t\t<\/a>\n\t\t\t\t\t\t<\/li>\n\t\t\t\t\t\t\t\t\t\t\t\t<li>\n\t\t\t\t\t\t\t<a href=\"#\" target=\"_self\">\n\t\t\t\t\t\t\t\t<span class=\"pp-tm-social-icon-wrap pp-tm-social-icon-wrap\">\n\t\t\t\t\t\t\t\t\t<span class=\"pp-tm-social-icon pp-icon\"><i class=\"fab fa-x-twitter\" aria-hidden=\"true\"><\/i><\/span>\t\t\t\t\t\t\t\t<\/span>\n\t\t\t\t\t\t\t<\/a>\n\t\t\t\t\t\t<\/li>\n\t\t\t\t\t\t\t\t\t\t\t\t<li>\n\t\t\t\t\t\t\t<a href=\"#\" target=\"_self\">\n\t\t\t\t\t\t\t\t<span class=\"pp-tm-social-icon-wrap pp-tm-social-icon-wrap\">\n\t\t\t\t\t\t\t\t\t<span class=\"pp-tm-social-icon pp-icon\"><i class=\"fab fa-instagram\" aria-hidden=\"true\"><\/i><\/span>\t\t\t\t\t\t\t\t<\/span>\n\t\t\t\t\t\t\t<\/a>\n\t\t\t\t\t\t<\/li>\n\t\t\t\t\t\t\t\t\t<\/ul>\n\t\t<\/div>\n\t\t\t\t\t\t\t\t\t\t<\/div>\n\t\t\t\t\t\t\t<\/div>\n\t\t\t\t\t\t<\/div>\n\t\t\t\t\t\t\t\t\t\t\t<div class=\"swiper-slide\">\n\t\t\t\t\t\t\t<div class=\"pp-tm\">\n\t\t\t\t\t\t\t\t<div class=\"pp-tm-image\"> \n\t\t\t\t\t\t\t\t\t<img decoding=\"async\" src=\"https:\/\/www.mainecoon-vintarchi.com\/wp-content\/uploads\/2022\/09\/mami-9-scaled.jpg\" alt=\"mami-9\">\n\t\t\t\t\t\t\t\t\t\t\t\t\t\t\t\t\t<\/div>\n\t\t\t\t\t\t\t\t<div class=\"pp-tm-content pp-tm-content-normal\">\n\t\t\t\t\t\t\t\t\t\t\t<h4 class=\"pp-tm-name\">\n\t\t\tHELEN GOLDENTOWNCOON\t\t<\/h4>\n\n\t\t\t\t\t<div class=\"pp-tm-position\">\n\t\t\t\tDate of birth: 27.01.2022\t\t\t<\/div>\n\t\t\t\t\t\t\t\t<div class=\"pp-tm-description\">\n\t\t\t\tCOLOR: black classic tabby MCO N 22\n<br>\nFATHER: Windofwillows Tornado\n <br>\nMOM: Free Naomi\t\t\t<\/div>\n\t\t\t\t\t\t<div class=\"pp-tm-social-links-wrap\">\n\t\t\t<ul class=\"pp-tm-social-links\">\n\t\t\t\t\t\t\t\t\t\t<li>\n\t\t\t\t\t\t\t<a href=\"#\" target=\"_self\">\n\t\t\t\t\t\t\t\t<span class=\"pp-tm-social-icon-wrap pp-tm-social-icon-wrap pp-tm-social-icon-wrap\">\n\t\t\t\t\t\t\t\t\t<span class=\"pp-tm-social-icon pp-icon\"><i class=\"fab fa-facebook\" aria-hidden=\"true\"><\/i><\/span>\t\t\t\t\t\t\t\t<\/span>\n\t\t\t\t\t\t\t<\/a>\n\t\t\t\t\t\t<\/li>\n\t\t\t\t\t\t\t\t\t\t\t\t<li>\n\t\t\t\t\t\t\t<a href=\"#\" target=\"_self\">\n\t\t\t\t\t\t\t\t<span class=\"pp-tm-social-icon-wrap pp-tm-social-icon-wrap pp-tm-social-icon-wrap\">\n\t\t\t\t\t\t\t\t\t<span class=\"pp-tm-social-icon pp-icon\"><i class=\"fab fa-x-twitter\" aria-hidden=\"true\"><\/i><\/span>\t\t\t\t\t\t\t\t<\/span>\n\t\t\t\t\t\t\t<\/a>\n\t\t\t\t\t\t<\/li>\n\t\t\t\t\t\t\t\t\t\t\t\t<li>\n\t\t\t\t\t\t\t<a href=\"#\" target=\"_self\">\n\t\t\t\t\t\t\t\t<span class=\"pp-tm-social-icon-wrap pp-tm-social-icon-wrap pp-tm-social-icon-wrap\">\n\t\t\t\t\t\t\t\t\t<span class=\"pp-tm-social-icon pp-icon\"><i class=\"fab fa-instagram\" aria-hidden=\"true\"><\/i><\/span>\t\t\t\t\t\t\t\t<\/span>\n\t\t\t\t\t\t\t<\/a>\n\t\t\t\t\t\t<\/li>\n\t\t\t\t\t\t\t\t\t<\/ul>\n\t\t<\/div>\n\t\t\t\t\t\t\t\t\t\t<\/div>\n\t\t\t\t\t\t\t<\/div>\n\t\t\t\t\t\t<\/div>\n\t\t\t\t\t\t\t\t\t\t\t<div class=\"swiper-slide\">\n\t\t\t\t\t\t\t<div class=\"pp-tm\">\n\t\t\t\t\t\t\t\t<div class=\"pp-tm-image\"> \n\t\t\t\t\t\t\t\t\t<img decoding=\"async\" src=\"https:\/\/www.mainecoon-vintarchi.com\/wp-content\/uploads\/2023\/05\/FREYJA.jpg\" alt=\"FREYJA\">\n\t\t\t\t\t\t\t\t\t\t\t\t\t\t\t\t\t<\/div>\n\t\t\t\t\t\t\t\t<div class=\"pp-tm-content pp-tm-content-normal\">\n\t\t\t\t\t\t\t\t\t\t\t<h4 class=\"pp-tm-name\">\n\t\t\tFREYJA BEAUTY OF SHADES\t\t<\/h4>\n\n\t\t\t\t\t<div class=\"pp-tm-position\">\n\t\t\t\tWordPress Developer\t\t\t<\/div>\n\t\t\t\t\t\t\t\t<div class=\"pp-tm-description\">\n\t\t\t\tEnter member description here which describes the position of member in company\t\t\t<\/div>\n\t\t\t\t\t\t<div class=\"pp-tm-social-links-wrap\">\n\t\t\t<ul class=\"pp-tm-social-links\">\n\t\t\t\t\t\t\t<\/ul>\n\t\t<\/div>\n\t\t\t\t\t\t\t\t\t\t<\/div>\n\t\t\t\t\t\t\t<\/div>\n\t\t\t\t\t\t<\/div>\n\t\t\t\t\t\t\t\t\t<\/div>\n\t\t\t<\/div>\n\t\t\t\t\t\t<!-- Add Pagination -->\n\t\t\t<div class=\"swiper-pagination swiper-pagination-0ad6722\"><\/div>\n\t\t\t\t\t\t\t<div class=\"pp-slider-arrow elementor-swiper-button-prev swiper-button-prev-0ad6722\" role=\"button\" tabindex=\"0\">\n\t\t\t\t\t<i aria-hidden=\"true\" class=\"fas fa-angle-left\"><\/i>\t\t\t\t<\/div>\n\t\t\t\t<div class=\"pp-slider-arrow elementor-swiper-button-next swiper-button-next-0ad6722\" role=\"button\" tabindex=\"0\">\n\t\t\t\t\t<i aria-hidden=\"true\" class=\"fas fa-angle-right\"><\/i>\t\t\t\t<\/div>\n\t\t\t\t\t<\/div>\n\t\t\t\t\t\t<\/div>\n\t\t\t\t<\/div>\n\t\t\t\t\t<\/div>\n\t\t<\/div>\n\t\t\t\t\t<\/div>\n\t\t<\/section>\n\t\t\t\t<\/div>","protected":false},"excerpt":{"rendered":"<p>\u017denske Predstavitev na\u0161ih ma\u010dk AMORI`S ALHAMBRA Datum rojstva: 25.08.2021 BARVA: \u010drna \u017eelvovinasta srebrna &#8211; MCO FS 22 O\u010cE: AMULETCOON JANKOMIR MAMA: AMORI`S PUPICA GARMIONA GOLDENTOWNCOON Datum rojstva: 26.01.2022 BARVA: BLACK SMOKE MCO NS O\u010cE: GOLDENTOWNCOON MARS MAMA: HONEY CHOCE MARIKA HELEN GOLDENTOWNCOON Datum rojstva: 27.01.2022 BARVA: black classik tabby MCO N22 O\u010cE: Windofwillows Tornado MAMA: [&hellip;]<\/p>","protected":false},"author":1,"featured_media":0,"parent":0,"menu_order":0,"comment_status":"closed","ping_status":"closed","template":"","meta":{"footnotes":""},"class_list":["post-25008","page","type-page","status-publish","hentry","entry"],"_links":{"self":[{"href":"https:\/\/www.mainecoon-vintarchi.com\/en\/wp-json\/wp\/v2\/pages\/25008","targetHints":{"allow":["GET"]}}],"collection":[{"href":"https:\/\/www.mainecoon-vintarchi.com\/en\/wp-json\/wp\/v2\/pages"}],"about":[{"href":"https:\/\/www.mainecoon-vintarchi.com\/en\/wp-json\/wp\/v2\/types\/page"}],"author":[{"embeddable":true,"href":"https:\/\/www.mainecoon-vintarchi.com\/en\/wp-json\/wp\/v2\/users\/1"}],"replies":[{"embeddable":true,"href":"https:\/\/www.mainecoon-vintarchi.com\/en\/wp-json\/wp\/v2\/comments?post=25008"}],"version-history":[{"count":0,"href":"https:\/\/www.mainecoon-vintarchi.com\/en\/wp-json\/wp\/v2\/pages\/25008\/revisions"}],"wp:attachment":[{"href":"https:\/\/www.mainecoon-vintarchi.com\/en\/wp-json\/wp\/v2\/media?parent=25008"}],"curies":[{"name":"wp","href":"https:\/\/api.w.org\/{rel}","templated":true}]}}